{"id":58,"date":"2022-12-30T20:25:38","date_gmt":"2022-12-30T20:25:38","guid":{"rendered":"https:\/\/www.chp.ch\/?page_id=58"},"modified":"2022-12-30T21:59:31","modified_gmt":"2022-12-30T21:59:31","slug":"peter","status":"publish","type":"page","link":"https:\/\/www.chp.ch\/?page_id=58","title":{"rendered":"Peter"},"content":{"rendered":"\n<h2 class=\"wp-block-heading\">Wichtigste Stationen<\/h2>\n\n\n\n<p>Nach meiner Lehre als Elektroniker ging ich f\u00fcr drei Monate nach London in eine Sprachschule. Danach arbeitete ich f\u00fcr eine Tempor\u00e4rfirma und war bei verschiedenen Unternehmen t\u00e4tig, bis ich am Schluss bei der Ascom Autelca landete. In dieser Zeit&nbsp; machte ich auch die Schulung zum Technischen Kaufmann.<\/p>\n\n\n\n<p>In der Ascom Autelca gefiel es mir ganz gut, aber leider hatte es manchmal nicht allzu viel Arbeit und bei anderen interessanten Projekte in den anderen Abteilungen durfte ich nicht mit machen, da eine Querverrechnung der Mitarbeiter \u00fcber die Abteilungen nicht m\u00f6glich war (sture, kleinkarierte Chefs). Also wechselte ich 1993 kurz nach einem dreimonatigen Trip in Australien zu Unisys. Dort gefiel es mir auch ganz gut und ich konnte viele technische Trainings in England machen. Doch leider fingen die Verk\u00e4ufer an, den Kunden immer alles zu versprechen, damit sie ihre Verkaufsquoten erreichen konnten und ich musste es als technischer Spezialist in der Umsetzung ausbaden. Also fand ich es an der Zeit wieder einmal eine Schulbank zu dr\u00fccken.  1995 reichte ich die K\u00fcndigung ein und machte w\u00e4hrend drei Monaten Vollzeit die Ausbildung zum Informatikprojektleiter in Z\u00fcrich. Nach erfolgreichem Abschluss mit Eidg. Fachausweis war ein Trip nach Whistler Mountain, Kanada zum Skifahren bei einem Freund angesagt. Mir hat es dort sehr gut gefallen. Die Pisten waren riesig und der Schnee ganz weich. Wieder in der Schweiz ging es in der WISS weiter mit der Ausbildung zum Dipl. Wirtschaftsinformatiker. Dies allerdings ein Jahr berufsbegleitend in Bern. In dieser Zeit startete ich meine Einzelfirma und kriegte auch schon bald den ersten Auftrag von der hmi AG in Z\u00fcrich. Die T\u00e4tigkeit war in Bern bei der PTT. F\u00fcr mein Geschmack war dieser Auftrag aber mit zuviel Rumsitzen und Langeweile verbunden. Also nahm ich noch ein Auftrag der Ascom dazu und noch einen weiteren von der Unisys.\u00a0\u00a0Alle als Unix Spezialist. Sp\u00e4ter kam noch ein weiterer Vertrag mit der Postfinance im Zahlungsverkehr dazu, da waren aber derjenige mit der Ascom und der PTT schon zu Ende. Es gab noch einen weiteren Vertrag mit Compaq in Genf, dieser \u00fcbernahm dann aber ein Kollege, den ich f\u00fcr ca. zwei Jahre angestellt hatte.<\/p>\n\n\n\n<p>Nachdem meine Vertr\u00e4ge und auch die Wirtschaftsinformatikschule Ende Juni 97 abgeschlossen waren, l\u00f6ste ich meine Wohnung auf, packte alles was ich nicht verkauft hatte in eine Garage und zog nach London. Inzwischen hatte ich auch meine Einzelfirma in eine GmbH umgewandelt und hoffte so, internationaler arbeiten zu k\u00f6nnen. In England erhielt ich auch schon bald einen Vertrag f\u00fcr ein Projekt mit CSC in Bedford bis Ende November. Allerdings musste ich erst eine Limited Company in England gr\u00fcnden, da kein Unternehmen einen Vertrag \u00fcber meine (frische) GmbH in der Schweiz abwickeln wollte. Die Schweiz galt damals als \u201eOffshore Island\u201c und dies konnte gr\u00f6bere Probleme mit der Inland Revenue (Steuerbeh\u00f6rde) geben. Zum Gl\u00fcck war das Gr\u00fcnden einer Unternehmung damals in England eine kleine Sache (im Gegensatz zur Schweiz). Ein Besuch beim Treuh\u00e4nder, 200\u00a3 und das ganze war geregelt. Zur Arbeit musste ich ca. 1.5h pendeln aber der Job war interessant und f\u00fcr f\u00fcnf Monate war das ok. Meine Aufgabe war es, alle Unix-Server von einem Datacenter in ein neues umzuziehen, verbunden mit Upgrades etc. W\u00e4hrend dieser Zeit wohnte ich in London in West Hampstead in einer WG, recht zentral und trotzdem sehr ruhig. Im Dezember zog ich wieder f\u00fcr zwei Wochen in die Schweiz zu einer Freundin und anschliessend gingen wir f\u00fcr zwei Monate nach Australien auf Reisen, plus noch eine Woche nach Malaysia.<\/p>\n\n\n\n<p>Wieder in der Schweiz Ende M\u00e4rz 98 gab es nicht mehr gen\u00fcgend Schnee zum Snowboarden und somit suchte ich wieder einen neuen Vertrag, den ich auch bald bei Sun Microsystems als Unix Spezialist in Z\u00fcrich fand. Eigentlich wollte ich wieder nach London zur\u00fcck, da ich dort immer noch meine Limited Company hatte, aber der Vertrag mit Sun war zu interessant. Also zog ich in eine WG am Limmatplatz. Sehr zentral. Zudem waren wir ein super WG-Team.&nbsp;<\/p>\n\n\n\n<p>Nach einem Jahr war es wieder einmal Zeit f\u00fcr eine Ver\u00e4nderung und so zog ich 1999 mit meinem VW-Bus nach Br\u00fcssel wo ich einen 6 Monate Vertrag mit einem Unterakkordant von HP erhielt. Das urspr\u00fcngliche Projekt mit Sun in Br\u00fcssel viel ins Wasser, da schaute ich mich halt bei der Konkurrenz um. W\u00e4hrend dieser Zeit hatte ich mich auf einem Campingplatz am Rande von Br\u00fcssel einquartiert. Der Job war aber nicht ganz das, was wir abgemacht hatten (und auch viel zu langweilig) und so l\u00f6ste ich den Vertrag vorzeitig auf und reiste noch eine Weile in Belgien und den Niederlanden herum.<\/p>\n\n\n\n<p>Zur\u00fcck in der Schweiz erhielt ich einen neuen Vertrag f\u00fcr 9 Monate mit HP in Z\u00fcrich in einem Projekt bei der UBS. Wir bauten eine neue Unix-Plattform f\u00fcr das Bestellwesen auf und nebenbei half ich auch bei HP-Education mit den Kundenschulungen aus im Bereich Unix, Hochverf\u00fcgbarkeit und Volume Management. Ende Februar 2000 lief der Vertrag wieder aus. <\/p>\n\n\n\n<p>Nach \u00fcber zwei Jahren weg von zu Hause (Bern) fand ich, es w\u00e4re wieder an der Zeit zur\u00fcck zu gehen. So zog ich nach einem sechs Wochen Trip durch die USA im Mai 2000 wieder nach Bern und erhielt dort einen 6 Monate Vertrag mit der Post Informatik. Also zog ich auch in eine neue WG in der Lorraine ein. Ebenfalls startete ich im Sommer 2000 als Unix-Trainer bei der Digicomp. Das Unterrichten bei HP hatte mir ganz gut gefallen und hier ergab sich gerade eine gute Gelegenheit. Es waren jeweils drei Tages Grund-, Aufbau- und Adminkurse in Z\u00fcrich, Bern, Luzern oder Basel. \u00dcber die Jahre ging die Nachfrage nach Unix-Kursen stetig zur\u00fcck und somit wechselte ich immer mehr zu Linux-Schulungen. 2015 baute ich dann die Python-Kurse auf, welche auch heute noch ganz gut laufen. <\/p>\n\n\n\n<p>Schon bald stellte ich fest, dass nach so einer langen Zeit in der &#8222;grossen weiten Welt&#8220; Bern f\u00fcr mich zu klein geworden war. Daher zog ich im April 2001 nach einem dreimonatigen Trip durch Neuseeland, Australien und Japan wieder nach Z\u00fcrich in eine WG an der Langstrasse ein. Dieses Mal sogar mit meinen Schriften, welche f\u00fcr die letzten vier Jahre nur auf ein Postfach in M\u00fcnsingen verwiesen hatten.\u00a0<\/p>\n\n\n\n<p>Eigentlich hatte ich mit HP f\u00fcr einen neuen Vertrag abgemacht, aber auf Grund der Gesch\u00e4ftslage von HP, haben sie alle Vertr\u00e4ge mit externen zur\u00fcckgestellt. Ich fand dann einen neuen Vertrag als technischer Projektleiter f\u00fcr &#8222;Yellow Trade&#8220; aber eben wieder in Bern bei der Postfinance bis Ende Dezember 2001. In dieser Zeit wohnte ich dann halb in der WG in Z\u00fcrich und halb in einer anderen WG im Breitenrain in Bern.\u00a0 Nach fast einem Jahr zog ich aus der WG in Z\u00fcrich aus und hatte somit wieder mein Schriftenproblem&#8230;. Nach dem Vertrag mit Postfinance und dem Abschluss meiner Ausbildung zum Ausbildner mit Eidg. Fachausweis war es wieder Zeit f\u00fcr eine Reise. Diese ging im Februar und M\u00e4rz 2002 nach S\u00fcdafrika, ein super Trip.<\/p>\n\n\n\n<p>Wieder zur\u00fcck in der Schweiz musste ich feststellen, dass die Wirtschaft nicht mehr so gut war wie die Jahre zu vor. Es brauchte fast zwei Monate um einen guten Job zu finden, normalerweise waren es ein\/zwei Wochen. Einmal mehr war es in Z\u00fcrich. Dieses mal f\u00fcr eine Internet Bank namens Redsafe. Ich \u00fcbernahm dort die Leitung des Infrastruktur Teams. Nach drei Monaten, Ende Juli 2002, entschied sich die Bank allerdings die Tore zu schliessen, da es bei weitem nicht so gut lief wie man gehofft hatte. Also musste ich mir wieder etwas Neues suchen. Auch aus der WG, in welcher ich im Kreis 6 tempor\u00e4r gewohnt hatte zog ich schon wieder aus.\u00a0<\/p>\n\n\n\n<p>Langsam hatte ich auch genug von meinem Zigeunerleben und strebte einen stabileren Lebenswandel an. Da ich dieses mal relativ schnell einen neuen Job bei der Swisscom Mobile auf Anfang August 2002 in Bern fand, schaute ich mich halt auch in Bern nach einer eigenen Wohnung um. Diese fand ich dann auch bald in der L\u00e4ngasse.<\/p>\n\n\n\n<p>Kaum bei der Swisscom angefangen hatte ich die M\u00f6glichkeit eine Woche im Pavillon der Swisscom an der Expo02 zu arbeiten. Dort lernte ich meine Freundin Priska kennen, mit welcher ich im Herbst 2004 in eine gemeinsame Wohnung in Sch\u00f6nb\u00fchl zog. Am 12. August 2005 heirateten wir in Fraubrunnen und am 1. November 2005 bezogen wir unser neues Haus in W\u00fcnnewil. Wenig sp\u00e4ter am 19. Januar 2006 kam unser erster Sohnemann, Raphael, zur Welt und zwei Jahre sp\u00e4ter am 17. Mai 2008 dann der zweite, Cedric.<\/p>\n\n\n\n<p>Somit war das Zigeunerleben definitiv zu Ende und auch jobm\u00e4ssig wurde es ruhiger. Ich blieb als (internalisierter) Unix-Spezialist und technischer Projektleiter bei der Swisscom Mobile und wurde beim Zusammenschluss mit FX und Solutions zu Swisscom Schweiz transferiert. Da ich im Verlaufe der vergangenen Jahre immer mehr in die Rolle des Projektleiters geschl\u00fcpft war, kam ich in ein Projektleiterteam, wo ich ich die Leitung von grossen (technischen) Projekten \u00fcbernahm. Mit den Ausbildungen ging es auch weiter, 2009 erhielt ich die Projektmanager IPMA B Zertifizierung und 2012\/13 absolvierte ich ein CAS in Mediation, 2016\/17 ein weiters CAS Leadership f\u00fcr Fortgeschrittene,&nbsp; 2017 das CAS Change und Innovation und 2017\/18 das CAS BWL.<\/p>\n\n\n\n<p>Langsam wurde das Leben als Projektleiter aber nicht mehr so lustig. Die Swisscom fand, dass sie nun agil sei und somit keine Projektleiter mehr brauche. Dies hatte zur Folge, dass die Projektleiterteams aufgel\u00f6st wurden und die Projektleiter freischwebend im Unternehmen herum geisterten. Bei mir hiess es, solange du Projekte findest, kannst du bleiben, ansonsten fliegst du raus. Ich musste somit meine Projekte in der Swisscom selber akquirieren. Dies war gar nicht so schwierig, da sich grosse, konzernweite Vorhaben nicht so gut mit agilen Methoden umsetzen liessen und man daher hierf\u00fcr gerne auf erfahrene Projektleiter zur\u00fcck griff. Aber mit der Zeit stellte sich mir einfach ein bisschen die Frage nach der Wertsch\u00e4tzung&#8230;. Im M\u00e4rz 2018 beendete ich gerade wieder ein grosses Projekt und hatte hierbei noch ein gr\u00f6sseres Budget f\u00fcr interne Leistungen offen. Also hiess es von Seiten Management, dass ich dieses interne Budget f\u00fcr mich nutzen k\u00f6nne um einen neuen Auftrag zu finden. Kurz und gut, ich war noch bis Ende Jahr bezahlt und musste in dieser Zeit wieder ein neues Projekt finden oder Ende Jahr gehen. Das wurde mir dann langsam zu bunt. Zudem stand noch meine Masterarbeit an, welche ich im Sommer schreiben wollte. Also vereinbarten wir, dass ich k\u00fcndige und einfach noch bis Ende Jahr bezahlt werde. So hatte ich dann den ganzen Sommer und Herbst Ferien bei vollem Lohn und konnte in aller Ruhe meine Masterarbeit schreiben, welche ich dann auch mit der Note 5.5 abschloss.<\/p>\n\n\n\n<p>Gegen Ende 2018 startete ich als Senior Projektleiter in einer Fachagentur der Erziehungsdirektoren Konferenz der Kantone (EDK) im Projekt FIDES (F\u00f6deration von Identit\u00e4tsdiensten f\u00fcr den Bildungsraum Schweiz). Meine Aufgabe war es, eine BildungsID f\u00fcr Sch\u00fcler der obligatorischen Schule bis Sek I und Lernende der Stufe Sek II zu pilotieren.<\/p>\n\n\n\n<p>Ende 2019 war dieses Projekt beendet und ich startete auf Januar 2020 beim VBS in der F\u00fchrungsunterst\u00fctzungsbasis (FUB) als externer Projektleiter f\u00fcr den Aufbau einer Datendrehscheibe Verteidigung (DDSV). Nach f\u00fcnf Monaten wechselte ich intern und \u00fcbernahm die Gesamtprojektleitung f\u00fcr das Projekt Firewall Automation (FWA), f\u00fcr welches dringend ein Projektleiter gesucht war. Dieses Projekt war sehr interessant.<\/p>\n\n\n\n<p>Ende 2022 ging dieses Projekt zu Ende und zudem lief auch der Vertrag auf Ende Jahr aus. Entsprechend suchte ich nach einem neuen Auftrag und fand diesen per November 2022 beim Bundesamt f\u00fcr Strassen (ASTRA). <\/p>\n\n\n\n<p><br><\/p>\n","protected":false},"excerpt":{"rendered":"<p>Wichtigste Stationen Nach meiner Lehre als Elektroniker ging ich f\u00fcr drei Monate nach London in eine Sprachschule. Danach arbeitete ich f\u00fcr eine Tempor\u00e4rfirma und war bei verschiedenen Unternehmen t\u00e4tig, bis ich am Schluss bei der Ascom Autelca landete. In dieser Zeit&nbsp; machte ich auch die Schulung zum Technischen Kaufmann. In der Ascom Autelca gefiel es mir ganz gut, aber leider hatte es manchmal nicht allzu viel Arbeit und bei anderen interessanten Projekte in den anderen Abteilungen durfte ich nicht mit machen, da eine Querverrechnung der Mitarbeiter \u00fcber die Abteilungen nicht m\u00f6glich war (sture, kleinkarierte Chefs). Also wechselte ich 1993 kurz&#8230; <\/p>\n","protected":false},"author":1,"featured_media":0,"parent":26,"menu_order":0,"comment_status":"closed","ping_status":"closed","template":"template-no-sidebar.php","meta":{"footnotes":""},"class_list":["post-58","page","type-page","status-publish","hentry"],"_links":{"self":[{"href":"https:\/\/www.chp.ch\/index.php?rest_route=\/wp\/v2\/pages\/58","targetHints":{"allow":["GET"]}}],"collection":[{"href":"https:\/\/www.chp.ch\/index.php?rest_route=\/wp\/v2\/pages"}],"about":[{"href":"https:\/\/www.chp.ch\/index.php?rest_route=\/wp\/v2\/types\/page"}],"author":[{"embeddable":true,"href":"https:\/\/www.chp.ch\/index.php?rest_route=\/wp\/v2\/users\/1"}],"replies":[{"embeddable":true,"href":"https:\/\/www.chp.ch\/index.php?rest_route=%2Fwp%2Fv2%2Fcomments&post=58"}],"version-history":[{"count":7,"href":"https:\/\/www.chp.ch\/index.php?rest_route=\/wp\/v2\/pages\/58\/revisions"}],"predecessor-version":[{"id":67,"href":"https:\/\/www.chp.ch\/index.php?rest_route=\/wp\/v2\/pages\/58\/revisions\/67"}],"up":[{"embeddable":true,"href":"https:\/\/www.chp.ch\/index.php?rest_route=\/wp\/v2\/pages\/26"}],"wp:attachment":[{"href":"https:\/\/www.chp.ch\/index.php?rest_route=%2Fwp%2Fv2%2Fmedia&parent=58"}],"curies":[{"name":"wp","href":"https:\/\/api.w.org\/{rel}","templated":true}]}}